{"id":27300,"date":"2023-12-15T02:12:08","date_gmt":"2023-12-15T02:12:08","guid":{"rendered":"https:\/\/zayoeutrans.burbledev.com\/kontakt-zu-zayo-europa\/"},"modified":"2023-12-15T02:12:08","modified_gmt":"2023-12-15T02:12:08","slug":"kontakt-zu-zayo-europa","status":"publish","type":"page","link":"https:\/\/zayoeurope.com\/de\/kontakt-zu-zayo-europa\/","title":{"rendered":"Kontakt zu Zayo Europa"},"content":{"rendered":"","protected":false},"excerpt":{"rendered":"<p>Unsere Experten machen es Ihnen leicht, Gesch\u00e4fte mit Zayo zu machen. Setzen Sie sich mit uns in Verbindung, um mehr \u00fcber eine L\u00f6sung zu erfahren, die den Anforderungen Ihres Unternehmens entspricht. <\/p>\n","protected":false},"author":1,"featured_media":0,"parent":0,"menu_order":0,"comment_status":"closed","ping_status":"closed","template":"","meta":{"_acf_changed":false,"footnotes":""},"class_list":["post-27300","page","type-page","status-publish","hentry"],"acf":[],"_links":{"self":[{"href":"https:\/\/zayoeurope.com\/de\/wp-json\/wp\/v2\/pages\/27300","targetHints":{"allow":["GET"]}}],"collection":[{"href":"https:\/\/zayoeurope.com\/de\/wp-json\/wp\/v2\/pages"}],"about":[{"href":"https:\/\/zayoeurope.com\/de\/wp-json\/wp\/v2\/types\/page"}],"author":[{"embeddable":true,"href":"https:\/\/zayoeurope.com\/de\/wp-json\/wp\/v2\/users\/1"}],"replies":[{"embeddable":true,"href":"https:\/\/zayoeurope.com\/de\/wp-json\/wp\/v2\/comments?post=27300"}],"version-history":[{"count":0,"href":"https:\/\/zayoeurope.com\/de\/wp-json\/wp\/v2\/pages\/27300\/revisions"}],"wp:attachment":[{"href":"https:\/\/zayoeurope.com\/de\/wp-json\/wp\/v2\/media?parent=27300"}],"curies":[{"name":"wp","href":"https:\/\/api.w.org\/{rel}","templated":true}]}}